{"id":97,"date":"2013-08-06T20:13:19","date_gmt":"2013-08-06T20:13:19","guid":{"rendered":"http:\/\/localhost:8888\/test\/?page_id=17"},"modified":"2023-03-20T07:39:02","modified_gmt":"2023-03-20T07:39:02","slug":"classic-shop","status":"publish","type":"page","link":"https:\/\/tmdplywood.vinastar.info\/","title":{"rendered":"Trang ch\u1ee7"},"content":{"rendered":"\t<section class=\"section section_slider\" id=\"section_2098351296\">\n\t\t<div class=\"bg section-bg fill bg-fill bg-loaded bg-loaded\" >\n\n\t\t\t\n\t\t\t\n\t\t\t\n\n\t\t<\/div><!-- .section-bg -->\n\n\t\t<div class=\"section-content relative\">\n\t\t\t\n<div class=\"slider-wrapper relative \" id=\"slider-1826859645\" >\n    <div class=\"slider slider-nav-circle slider-nav-large slider-nav-light slider-style-normal\"\n        data-flickity-options='{\n            \"cellAlign\": \"center\",\n            \"imagesLoaded\": true,\n            \"lazyLoad\": 1,\n            \"freeScroll\": false,\n            \"wrapAround\": true,\n            \"autoPlay\": 6000,\n            \"pauseAutoPlayOnHover\" : true,\n            \"prevNextButtons\": true,\n            \"contain\" : true,\n            \"adaptiveHeight\" : true,\n            \"dragThreshold\" : 5,\n            \"percentPosition\": true,\n            \"pageDots\": true,\n            \"rightToLeft\": false,\n            \"draggable\": true,\n            \"selectedAttraction\": 0.1,\n            \"parallax\" : 0,\n            \"friction\": 0.6        }'\n        >\n        \n\t<div class=\"img has-hover x md-x lg-x y md-y lg-y\" id=\"image_999181825\">\n\t\t\t\t\t\t\t\t<div class=\"img-inner dark\" >\n\t\t\t<img width=\"1920\" height=\"550\" src=\"https:\/\/tmdplywood.vinastar.info\/wp-content\/uploads\/2023\/03\/abc.png\" class=\"attachment-original size-original\" alt=\"\" decoding=\"async\" loading=\"lazy\" srcset=\"https:\/\/tmdplywood.vinastar.info\/wp-content\/uploads\/2023\/03\/abc.png 1920w, https:\/\/tmdplywood.vinastar.info\/wp-content\/uploads\/2023\/03\/abc-800x229.png 800w, https:\/\/tmdplywood.vinastar.info\/wp-content\/uploads\/2023\/03\/abc-1400x401.png 1400w, https:\/\/tmdplywood.vinastar.info\/wp-content\/uploads\/2023\/03\/abc-768x220.png 768w, https:\/\/tmdplywood.vinastar.info\/wp-content\/uploads\/2023\/03\/abc-1536x440.png 1536w, https:\/\/tmdplywood.vinastar.info\/wp-content\/uploads\/2023\/03\/abc-600x172.png 600w\" sizes=\"(max-width: 1920px) 100vw, 1920px\" \/>\t\t\t\t\t\t\n\t\t\t\t\t<\/div>\n\t\t\t\t\t\t\t\t\n<style scope=\"scope\">\n\n#image_999181825 {\n  width: 100%;\n}\n<\/style>\n\t<\/div>\n\t\n\t<div class=\"img has-hover x md-x lg-x y md-y lg-y\" id=\"image_295103524\">\n\t\t\t\t\t\t\t\t<div class=\"img-inner dark\" >\n\t\t\t<img width=\"1920\" height=\"550\" src=\"https:\/\/tmdplywood.vinastar.info\/wp-content\/uploads\/2023\/03\/abc.png\" class=\"attachment-original size-original\" alt=\"\" decoding=\"async\" loading=\"lazy\" srcset=\"https:\/\/tmdplywood.vinastar.info\/wp-content\/uploads\/2023\/03\/abc.png 1920w, https:\/\/tmdplywood.vinastar.info\/wp-content\/uploads\/2023\/03\/abc-800x229.png 800w, https:\/\/tmdplywood.vinastar.info\/wp-content\/uploads\/2023\/03\/abc-1400x401.png 1400w, https:\/\/tmdplywood.vinastar.info\/wp-content\/uploads\/2023\/03\/abc-768x220.png 768w, https:\/\/tmdplywood.vinastar.info\/wp-content\/uploads\/2023\/03\/abc-1536x440.png 1536w, https:\/\/tmdplywood.vinastar.info\/wp-content\/uploads\/2023\/03\/abc-600x172.png 600w\" sizes=\"(max-width: 1920px) 100vw, 1920px\" \/>\t\t\t\t\t\t\n\t\t\t\t\t<\/div>\n\t\t\t\t\t\t\t\t\n<style scope=\"scope\">\n\n#image_295103524 {\n  width: 100%;\n}\n<\/style>\n\t<\/div>\n\t\n     <\/div>\n\n     <div class=\"loading-spin dark large centered\"><\/div>\n\n     <style scope=\"scope\">\n             <\/style>\n<\/div><!-- .ux-slider-wrapper -->\n\n\n\t\t<\/div><!-- .section-content -->\n\n\t\t\n<style scope=\"scope\">\n\n#section_2098351296 {\n  padding-top: 0px;\n  padding-bottom: 0px;\n}\n<\/style>\n\t<\/section>\n\t\n\n\t<section class=\"section section_gth\" id=\"section_555819937\">\n\t\t<div class=\"bg section-bg fill bg-fill bg-loaded bg-loaded\" >\n\n\t\t\t\n\t\t\t\n\t\t\t\n\n\t\t<\/div><!-- .section-bg -->\n\n\t\t<div class=\"section-content relative\">\n\t\t\t\n<div class=\"row\"  id=\"row-103873984\">\n<div class=\"col small-12 large-12\"  ><div class=\"col-inner\"  >\n<div class=\"dich_vu_text\">\n<h2 class=\"rt_head\">ABOUT US<\/h2>\n<p style=\"text-align: justify\"><span style=\"color: #ff0000\"><strong>CHOVILA<\/strong><\/span> (Cultural Heritage Of Vietnam Lacquer Art company) has chosen &#8220;<strong>Cultural Heritage<\/strong>&#8221; in the field of &#8220;<strong>Lacquer<\/strong>&#8221; in the art style &#8220;<strong>Awakening<\/strong>&#8221; to:<\/p>\n<p style=\"text-align: justify\">&#8211; Help customers, when contemplating Chovila&#8217;s works, to have peace of mind, slow down, find their true self, and gain relief from the chaos of everyday life.<\/p>\n<p style=\"text-align: justify\">&#8211; Preserve lacquer cultural heritages, promoting great values of Vietnamese cultural specificity through our works, contributing to promoting the development of Vietnamese traditional lacquer villages<\/p>\n<p style=\"text-align: justify\">&#8211; Create a cultural bridge to connect Vietnamese lacquer with international friends.<\/p>\n<\/div>\n<\/div><\/div>\n<\/div>\n<div class=\"row\"  id=\"row-1975960044\">\n<div class=\"col medium-6 small-12 large-6\"  ><div class=\"col-inner\"  >\n<div class=\"video-button-wrapper\" ><a href=\"https:\/\/www.youtube.com\/watch?v=GOi_m2aT21k\" class=\"button open-video icon circle is-outline is-xlarge\"><i class=\"icon-play\" style=\"font-size:1.5em;\"><\/i><\/a><\/div>\n\t<div class=\"img has-hover x md-x lg-x y md-y lg-y\" id=\"image_124564831\">\n\t\t\t\t\t\t\t\t<div class=\"img-inner dark\" >\n\t\t\t<img width=\"600\" height=\"400\" src=\"https:\/\/tmdplywood.vinastar.info\/wp-content\/uploads\/2021\/07\/giamdinh-thuongmai.jpg\" class=\"attachment-large size-large\" alt=\"\" decoding=\"async\" loading=\"lazy\" \/>\t\t\t\t\t\t\n\t\t\t\t\t<\/div>\n\t\t\t\t\t\t\t\t\n<style scope=\"scope\">\n\n#image_124564831 {\n  width: 100%;\n}\n<\/style>\n\t<\/div>\n\t\n<\/div><\/div>\n<div class=\"col medium-6 small-12 large-6\"  ><div class=\"col-inner\"  >\n<div class=\"gth_text\">\n<h2>MISSION<\/h2>\n<p style=\"text-align: justify\">Spread a Awakening lifestyle, contribute to the preservation of lacquer cultural heritages, promote Vietnamese lacquer culture to the world, give its members a fulfilled life of both material and spiritual aspect.<\/p>\n<h2>VISION<\/h2>\n<p style=\"text-align: justify\">The company has the greatest international influence in the cultural activities of awakening lacquer.<\/p>\n<h2>CORE VALUES<\/h2>\n<p style=\"text-align: justify\">+ Awakening life<br \/>\n+ Social contribution<br \/>\n+ Many a little makes a mickle<\/p>\n<\/div>\n<\/div><\/div>\n<\/div>\n\t\t<\/div><!-- .section-content -->\n\n\t\t\n<style scope=\"scope\">\n\n#section_555819937 {\n  padding-top: 30px;\n  padding-bottom: 30px;\n  background-color: rgb(255, 255, 255);\n}\n<\/style>\n\t<\/section>\n\t\n\t<section class=\"section section_dich_vu\" id=\"section_1336092459\">\n\t\t<div class=\"bg section-bg fill bg-fill bg-loaded bg-loaded\" >\n\n\t\t\t\n\t\t\t\n\t\t\t\n\n\t\t<\/div><!-- .section-bg -->\n\n\t\t<div class=\"section-content relative\">\n\t\t\t\n<div class=\"row\"  id=\"row-632837935\">\n<div class=\"col small-12 large-12\"  ><div class=\"col-inner\"  >\n \n    <div class=\"block__element_head\">\n              <h2 class=\"heading\">FIELD OF ACTIVITIES<\/h2>\n          <\/div>\n\n<\/div><\/div>\n<\/div>\n\n  \n    <div class=\"row large-columns-3 medium-columns-1 small-columns-1\">\n  \t\t<div class=\"col post-item\" >\n\t\t\t<div class=\"col-inner\">\n\t\t\t<a href=\"https:\/\/tmdplywood.vinastar.info\/?p=1914\" class=\"plain\">\n\t\t\t\t<div class=\"box box-normal box-text-bottom box-blog-post has-hover\">\n            \t\t\t\t\t<div class=\"box-image\" >\n  \t\t\t\t\t\t<div class=\"image-cover\" style=\"padding-top:70%;\">\n  \t\t\t\t\t\t\t<img width=\"400\" height=\"233\" src=\"https:\/\/tmdplywood.vinastar.info\/wp-content\/uploads\/2020\/05\/a1.jpg\" class=\"attachment-medium size-medium wp-post-image\" alt=\"\" decoding=\"async\" loading=\"lazy\" \/>  \t\t\t\t\t\t\t  \t\t\t\t\t\t\t  \t\t\t\t\t\t<\/div>\n  \t\t\t\t\t\t  \t\t\t\t\t<\/div><!-- .box-image -->\n          \t\t\t\t\t<div class=\"box-text text-center\" >\n\t\t\t\t\t<div class=\"box-text-inner blog-post-inner\">\n\n\t\t\t\t\t\n\t\t\t\t\t\t\t\t\t\t<h5 class=\"post-title is-large \">qu\u1ea3n l\u00fd nh\u00e0 n\u01b0\u1edbc v\u00e0 c\u00e1c l\u0129nh v\u1ef1c kh\u00e1c<\/h5>\n\t\t\t\t\t\t\t\t\t\t<div class=\"is-divider\"><\/div>\n\t\t\t\t\t\t\t\t\t\t<p class=\"from_the_blog_excerpt \">Tuy nhi\u00ean, \u201cG\u00e0 tr\u1ed1ng\u201d \u0111\u00e3 c\u00f3 m\u1ed9t tr\u1eadn \u0111\u1ea5u tuy\u1ec7t v\u1eddi. Tottenham ch\u1ea5p nh\u1eadn \u0111\u1ec3 [...]\t\t\t\t\t<\/p>\n\t\t\t\t\t                    \n\t\t\t\t\t\n\t\t\t\t\t\n\t\t\t\t\t<\/div><!-- .box-text-inner -->\n\t\t\t\t\t<\/div><!-- .box-text -->\n\t\t\t\t\t\t\t\t\t\t\t\t\t\t\t\t<div class=\"badge absolute top post-date badge-outline\">\n\t\t\t\t\t\t\t<div class=\"badge-inner\">\n\t\t\t\t\t\t\t\t<span class=\"post-date-day\">07<\/span><br>\n\t\t\t\t\t\t\t\t<span class=\"post-date-month is-xsmall\">Feb<\/span>\n\t\t\t\t\t\t\t<\/div>\n\t\t\t\t\t\t<\/div>\n\t\t\t\t\t\t\t\t\t<\/div><!-- .box -->\n\t\t\t\t<\/a><!-- .link -->\n\t\t\t<\/div><!-- .col-inner -->\n\t\t<\/div><!-- .col -->\n\t\t<div class=\"col post-item\" >\n\t\t\t<div class=\"col-inner\">\n\t\t\t<a href=\"https:\/\/tmdplywood.vinastar.info\/?p=1912\" class=\"plain\">\n\t\t\t\t<div class=\"box box-normal box-text-bottom box-blog-post has-hover\">\n            \t\t\t\t\t<div class=\"box-image\" >\n  \t\t\t\t\t\t<div class=\"image-cover\" style=\"padding-top:70%;\">\n  \t\t\t\t\t\t\t<img width=\"400\" height=\"233\" src=\"https:\/\/tmdplywood.vinastar.info\/wp-content\/uploads\/2020\/05\/a3.jpg\" class=\"attachment-medium size-medium wp-post-image\" alt=\"\" decoding=\"async\" loading=\"lazy\" \/>  \t\t\t\t\t\t\t  \t\t\t\t\t\t\t  \t\t\t\t\t\t<\/div>\n  \t\t\t\t\t\t  \t\t\t\t\t<\/div><!-- .box-image -->\n          \t\t\t\t\t<div class=\"box-text text-center\" >\n\t\t\t\t\t<div class=\"box-text-inner blog-post-inner\">\n\n\t\t\t\t\t\n\t\t\t\t\t\t\t\t\t\t<h5 class=\"post-title is-large \">qu\u1ea3n l\u00fd nh\u00e0 n\u01b0\u1edbc v\u00e0 c\u00e1c l\u0129nh v\u1ef1c kh\u00e1c<\/h5>\n\t\t\t\t\t\t\t\t\t\t<div class=\"is-divider\"><\/div>\n\t\t\t\t\t\t\t\t\t\t<p class=\"from_the_blog_excerpt \">Tuy nhi\u00ean, \u201cG\u00e0 tr\u1ed1ng\u201d \u0111\u00e3 c\u00f3 m\u1ed9t tr\u1eadn \u0111\u1ea5u tuy\u1ec7t v\u1eddi. Tottenham ch\u1ea5p nh\u1eadn \u0111\u1ec3 [...]\t\t\t\t\t<\/p>\n\t\t\t\t\t                    \n\t\t\t\t\t\n\t\t\t\t\t\n\t\t\t\t\t<\/div><!-- .box-text-inner -->\n\t\t\t\t\t<\/div><!-- .box-text -->\n\t\t\t\t\t\t\t\t\t\t\t\t\t\t\t\t<div class=\"badge absolute top post-date badge-outline\">\n\t\t\t\t\t\t\t<div class=\"badge-inner\">\n\t\t\t\t\t\t\t\t<span class=\"post-date-day\">07<\/span><br>\n\t\t\t\t\t\t\t\t<span class=\"post-date-month is-xsmall\">Feb<\/span>\n\t\t\t\t\t\t\t<\/div>\n\t\t\t\t\t\t<\/div>\n\t\t\t\t\t\t\t\t\t<\/div><!-- .box -->\n\t\t\t\t<\/a><!-- .link -->\n\t\t\t<\/div><!-- .col-inner -->\n\t\t<\/div><!-- .col -->\n\t\t<div class=\"col post-item\" >\n\t\t\t<div class=\"col-inner\">\n\t\t\t<a href=\"https:\/\/tmdplywood.vinastar.info\/?p=1909\" class=\"plain\">\n\t\t\t\t<div class=\"box box-normal box-text-bottom box-blog-post has-hover\">\n            \t\t\t\t\t<div class=\"box-image\" >\n  \t\t\t\t\t\t<div class=\"image-cover\" style=\"padding-top:70%;\">\n  \t\t\t\t\t\t\t<img width=\"400\" height=\"233\" src=\"https:\/\/tmdplywood.vinastar.info\/wp-content\/uploads\/2020\/05\/a4.jpg\" class=\"attachment-medium size-medium wp-post-image\" alt=\"\" decoding=\"async\" loading=\"lazy\" \/>  \t\t\t\t\t\t\t  \t\t\t\t\t\t\t  \t\t\t\t\t\t<\/div>\n  \t\t\t\t\t\t  \t\t\t\t\t<\/div><!-- .box-image -->\n          \t\t\t\t\t<div class=\"box-text text-center\" >\n\t\t\t\t\t<div class=\"box-text-inner blog-post-inner\">\n\n\t\t\t\t\t\n\t\t\t\t\t\t\t\t\t\t<h5 class=\"post-title is-large \">qu\u1ea3n l\u00fd nh\u00e0 n\u01b0\u1edbc v\u00e0 c\u00e1c l\u0129nh v\u1ef1c kh\u00e1c<\/h5>\n\t\t\t\t\t\t\t\t\t\t<div class=\"is-divider\"><\/div>\n\t\t\t\t\t\t\t\t\t\t<p class=\"from_the_blog_excerpt \">Tuy nhi\u00ean, \u201cG\u00e0 tr\u1ed1ng\u201d \u0111\u00e3 c\u00f3 m\u1ed9t tr\u1eadn \u0111\u1ea5u tuy\u1ec7t v\u1eddi. Tottenham ch\u1ea5p nh\u1eadn \u0111\u1ec3 [...]\t\t\t\t\t<\/p>\n\t\t\t\t\t                    \n\t\t\t\t\t\n\t\t\t\t\t\n\t\t\t\t\t<\/div><!-- .box-text-inner -->\n\t\t\t\t\t<\/div><!-- .box-text -->\n\t\t\t\t\t\t\t\t\t\t\t\t\t\t\t\t<div class=\"badge absolute top post-date badge-outline\">\n\t\t\t\t\t\t\t<div class=\"badge-inner\">\n\t\t\t\t\t\t\t\t<span class=\"post-date-day\">07<\/span><br>\n\t\t\t\t\t\t\t\t<span class=\"post-date-month is-xsmall\">Feb<\/span>\n\t\t\t\t\t\t\t<\/div>\n\t\t\t\t\t\t<\/div>\n\t\t\t\t\t\t\t\t\t<\/div><!-- .box -->\n\t\t\t\t<\/a><!-- .link -->\n\t\t\t<\/div><!-- .col-inner -->\n\t\t<\/div><!-- .col -->\n<\/div>\n\t\t<\/div><!-- .section-content -->\n\n\t\t\n<style scope=\"scope\">\n\n#section_1336092459 {\n  padding-top: 30px;\n  padding-bottom: 30px;\n}\n<\/style>\n\t<\/section>\n\t\n","protected":false},"excerpt":{"rendered":"","protected":false},"author":1,"featured_media":11,"parent":0,"menu_order":9,"comment_status":"closed","ping_status":"closed","template":"page-blank.php","meta":[],"yoast_head":"<!-- This site is optimized with the Yoast SEO plugin v20.0 - https:\/\/yoast.com\/wordpress\/plugins\/seo\/ -->\n<title>tmdplywood<\/title>\n<meta name=\"robots\" content=\"index, follow, max-snippet:-1, max-image-preview:large, max-video-preview:-1\" \/>\n<link rel=\"canonical\" href=\"https:\/\/tmdplywood.vinastar.info\/\" \/>\n<meta property=\"og:locale\" content=\"en_US\" \/>\n<meta property=\"og:type\" content=\"article\" \/>\n<meta property=\"og:title\" content=\"tmdplywood\" \/>\n<meta property=\"og:url\" content=\"https:\/\/tmdplywood.vinastar.info\/\" \/>\n<meta property=\"og:site_name\" content=\"tmdplywood\" \/>\n<meta property=\"article:modified_time\" content=\"2023-03-20T07:39:02+00:00\" \/>\n<meta property=\"og:image\" content=\"https:\/\/tmdplywood.vinastar.info\/wp-content\/uploads\/2016\/08\/dummy-1.jpg\" \/>\n\t<meta property=\"og:image:width\" content=\"400\" \/>\n\t<meta property=\"og:image:height\" content=\"260\" \/>\n\t<meta property=\"og:image:type\" content=\"image\/jpeg\" \/>\n<meta name=\"twitter:card\" content=\"summary_large_image\" \/>\n<meta name=\"twitter:label1\" content=\"Est. reading time\" \/>\n\t<meta name=\"twitter:data1\" content=\"2 minutes\" \/>\n<script type=\"application\/ld+json\" class=\"yoast-schema-graph\">{\"@context\":\"https:\/\/schema.org\",\"@graph\":[{\"@type\":\"WebPage\",\"@id\":\"https:\/\/tmdplywood.vinastar.info\/\",\"url\":\"https:\/\/tmdplywood.vinastar.info\/\",\"name\":\"tmdplywood\",\"isPartOf\":{\"@id\":\"https:\/\/tmdplywood.vinastar.info\/#website\"},\"datePublished\":\"2013-08-06T20:13:19+00:00\",\"dateModified\":\"2023-03-20T07:39:02+00:00\",\"breadcrumb\":{\"@id\":\"https:\/\/tmdplywood.vinastar.info\/#breadcrumb\"},\"inLanguage\":\"en-US\",\"potentialAction\":[{\"@type\":\"ReadAction\",\"target\":[\"https:\/\/tmdplywood.vinastar.info\/\"]}]},{\"@type\":\"BreadcrumbList\",\"@id\":\"https:\/\/tmdplywood.vinastar.info\/#breadcrumb\",\"itemListElement\":[{\"@type\":\"ListItem\",\"position\":1,\"name\":\"Trang ch\u1ee7\",\"item\":\"https:\/\/tmdplywood.vinastar.info\/\"},{\"@type\":\"ListItem\",\"position\":2,\"name\":\"Trang ch\u1ee7\"}]},{\"@type\":\"WebSite\",\"@id\":\"https:\/\/tmdplywood.vinastar.info\/#website\",\"url\":\"https:\/\/tmdplywood.vinastar.info\/\",\"name\":\"tmdplywood\",\"description\":\"\",\"potentialAction\":[{\"@type\":\"SearchAction\",\"target\":{\"@type\":\"EntryPoint\",\"urlTemplate\":\"https:\/\/tmdplywood.vinastar.info\/?s={search_term_string}\"},\"query-input\":\"required name=search_term_string\"}],\"inLanguage\":\"en-US\"}]}<\/script>\n<!-- \/ Yoast SEO plugin. -->","yoast_head_json":{"title":"tmdplywood","robots":{"index":"index","follow":"follow","max-snippet":"max-snippet:-1","max-image-preview":"max-image-preview:large","max-video-preview":"max-video-preview:-1"},"canonical":"https:\/\/tmdplywood.vinastar.info\/","og_locale":"en_US","og_type":"article","og_title":"tmdplywood","og_url":"https:\/\/tmdplywood.vinastar.info\/","og_site_name":"tmdplywood","article_modified_time":"2023-03-20T07:39:02+00:00","og_image":[{"width":400,"height":260,"url":"https:\/\/tmdplywood.vinastar.info\/wp-content\/uploads\/2016\/08\/dummy-1.jpg","type":"image\/jpeg"}],"twitter_card":"summary_large_image","twitter_misc":{"Est. reading time":"2 minutes"},"schema":{"@context":"https:\/\/schema.org","@graph":[{"@type":"WebPage","@id":"https:\/\/tmdplywood.vinastar.info\/","url":"https:\/\/tmdplywood.vinastar.info\/","name":"tmdplywood","isPartOf":{"@id":"https:\/\/tmdplywood.vinastar.info\/#website"},"datePublished":"2013-08-06T20:13:19+00:00","dateModified":"2023-03-20T07:39:02+00:00","breadcrumb":{"@id":"https:\/\/tmdplywood.vinastar.info\/#breadcrumb"},"inLanguage":"en-US","potentialAction":[{"@type":"ReadAction","target":["https:\/\/tmdplywood.vinastar.info\/"]}]},{"@type":"BreadcrumbList","@id":"https:\/\/tmdplywood.vinastar.info\/#breadcrumb","itemListElement":[{"@type":"ListItem","position":1,"name":"Trang ch\u1ee7","item":"https:\/\/tmdplywood.vinastar.info\/"},{"@type":"ListItem","position":2,"name":"Trang ch\u1ee7"}]},{"@type":"WebSite","@id":"https:\/\/tmdplywood.vinastar.info\/#website","url":"https:\/\/tmdplywood.vinastar.info\/","name":"tmdplywood","description":"","potentialAction":[{"@type":"SearchAction","target":{"@type":"EntryPoint","urlTemplate":"https:\/\/tmdplywood.vinastar.info\/?s={search_term_string}"},"query-input":"required name=search_term_string"}],"inLanguage":"en-US"}]}},"_links":{"self":[{"href":"https:\/\/tmdplywood.vinastar.info\/index.php?rest_route=\/wp\/v2\/pages\/97"}],"collection":[{"href":"https:\/\/tmdplywood.vinastar.info\/index.php?rest_route=\/wp\/v2\/pages"}],"about":[{"href":"https:\/\/tmdplywood.vinastar.info\/index.php?rest_route=\/wp\/v2\/types\/page"}],"author":[{"embeddable":true,"href":"https:\/\/tmdplywood.vinastar.info\/index.php?rest_route=\/wp\/v2\/users\/1"}],"replies":[{"embeddable":true,"href":"https:\/\/tmdplywood.vinastar.info\/index.php?rest_route=%2Fwp%2Fv2%2Fcomments&post=97"}],"version-history":[{"count":528,"href":"https:\/\/tmdplywood.vinastar.info\/index.php?rest_route=\/wp\/v2\/pages\/97\/revisions"}],"predecessor-version":[{"id":2095,"href":"https:\/\/tmdplywood.vinastar.info\/index.php?rest_route=\/wp\/v2\/pages\/97\/revisions\/2095"}],"wp:featuredmedia":[{"embeddable":true,"href":"https:\/\/tmdplywood.vinastar.info\/index.php?rest_route=\/wp\/v2\/media\/11"}],"wp:attachment":[{"href":"https:\/\/tmdplywood.vinastar.info\/index.php?rest_route=%2Fwp%2Fv2%2Fmedia&parent=97"}],"curies":[{"name":"wp","href":"https:\/\/api.w.org\/{rel}","templated":true}]}}