{"id":1931,"date":"2023-02-07T04:28:31","date_gmt":"2023-02-07T04:28:31","guid":{"rendered":"http:\/\/luan.webrt.net\/chovila\/?post_type=product&#038;p=1931"},"modified":"2023-02-07T04:30:10","modified_gmt":"2023-02-07T04:30:10","slug":"day-chuyen-ghep-mi-ong-gio-vuong-c-cleat-4","status":"publish","type":"product","link":"https:\/\/tmdplywood.vinastar.info\/?product=day-chuyen-ghep-mi-ong-gio-vuong-c-cleat-4","title":{"rendered":"D\u00e2y chuy\u1ec1n gh\u00e9p m\u00ec \u1ed1ng gi\u00f3 vu\u00f4ng (C-cleat)"},"content":{"rendered":"<p>Tuy nhi\u00ean, \u201cG\u00e0 tr\u1ed1ng\u201d \u0111\u00e3 c\u00f3 m\u1ed9t tr\u1eadn \u0111\u1ea5u tuy\u1ec7t v\u1eddi. Tottenham ch\u1ea5p nh\u1eadn \u0111\u1ec3 Man City c\u1ea7m b\u00f3ng d\u00f9 l\u00e0 \u0111\u1ed9i ch\u1ee7 nh\u00e0 c\u1ef1c k\u1ef3 ch\u1ee7 \u0111\u1ed9ng trong vi\u1ec7c tranh ch\u1ea5p b\u00f3ng. Ch\u00ednh t\u1eeb m\u1ed9t pha b\u00f3ng nh\u01b0 v\u1eady, Hojbjerg \u0111\u00e3 t\u1ea1o \u0111i\u1ec1u ki\u1ec7n \u0111\u1ec3 Harry Kane ghi b\u00e0n m\u1edf t\u1ec9 s\u1ed1 tr\u1eadn \u0111\u1ea5u.<\/p>\n<p>Th\u1ea7y tr\u00f2 Pep Guardiola c\u00f3 75 ph\u00fat \u0111\u1ec3 t\u00ecm b\u00e0n g\u1ee1 nh\u01b0ng kh\u00f4ng m\u1ed9t c\u00fa s\u00fat n\u00e0o th\u00e0nh c\u00f4ng d\u00f9 Tottenham b\u1ecb \u0111u\u1ed5i 1 ng\u01b0\u1eddi \u1edf cu\u1ed1i tr\u1eadn. K\u1ebft qu\u1ea3 n\u00e0y khi\u1ebfn cho b\u1ea3ng x\u1ebfp h\u1ea1ng c\u1ee7a Ngo\u1ea1i h\u1ea1ng Anh tr\u1edf n\u00ean c\u1ef1c k\u1ef3 ph\u1ee9c t\u1ea1p. Tottenham gi\u00e0nh tr\u1ecdn 3 \u0111i\u1ec3m tr\u01b0\u1edbc Man City nh\u01b0ng ch\u01b0a th\u1ec3 chen ch\u00e2n v\u00e0o Top 4.<\/p>\n<p>Hi\u1ec7n t\u1ea1i, th\u1ea7y tr\u00f2 Antonio Conte \u0111ang c\u00f3 \u0111\u01b0\u1ee3c 39 \u0111i\u1ec3m v\u00e0 \u0111\u1ee9ng th\u1ee9 5 nh\u01b0ng \u0111\u00e3 thi \u0111\u1ea5u \u0111\u1ee7 22 tr\u1eadn. \u0110\u1ed9i x\u1ebfp li\u1ec1n tr\u00ean h\u1ecd l\u00e0 Newcastle ch\u1ec9 h\u01a1n \u0111\u00fang 1 \u0111i\u1ec3m nh\u01b0ng m\u1edbi \u0111\u00e1 21 tr\u1eadn. B\u00ean c\u1ea1nh \u0111\u00f3, \u0111\u1ed9i x\u1ebfp li\u1ec1n sau l\u00e0 Brighton k\u00e9m 5 \u0111i\u1ec3m nh\u01b0ng c\u00f2n 2 tr\u1eadn ch\u01b0a \u0111\u1ea5u trong tay. N\u1ebfu th\u1ea7y tr\u00f2 De Zerbi t\u1eadn d\u1ee5ng th\u00e0nh c\u00f4ng 2 tr\u1eadn \u0111\u00e1 b\u00f9, Tottenham s\u1ebd m\u1ea5t v\u1ecb tr\u00ed \u0111\u01b0\u1ee3c d\u1ef1 c\u00fap ch\u00e2u \u00c2u.<\/p>\n<p><img decoding=\"async\" loading=\"lazy\" class=\"alignnone size-full wp-image-1788\" src=\"http:\/\/luan.webrt.net\/chovila\/wp-content\/uploads\/2021\/07\/z2609475225797_46d163321d2331e9e5a0b6d974aab969.jpg\" alt=\"\" width=\"1920\" height=\"550\" srcset=\"https:\/\/tmdplywood.vinastar.info\/wp-content\/uploads\/2021\/07\/z2609475225797_46d163321d2331e9e5a0b6d974aab969.jpg 1920w, https:\/\/tmdplywood.vinastar.info\/wp-content\/uploads\/2021\/07\/z2609475225797_46d163321d2331e9e5a0b6d974aab969-800x229.jpg 800w, https:\/\/tmdplywood.vinastar.info\/wp-content\/uploads\/2021\/07\/z2609475225797_46d163321d2331e9e5a0b6d974aab969-1400x401.jpg 1400w, https:\/\/tmdplywood.vinastar.info\/wp-content\/uploads\/2021\/07\/z2609475225797_46d163321d2331e9e5a0b6d974aab969-768x220.jpg 768w, https:\/\/tmdplywood.vinastar.info\/wp-content\/uploads\/2021\/07\/z2609475225797_46d163321d2331e9e5a0b6d974aab969-1536x440.jpg 1536w\" sizes=\"(max-width: 1920px) 100vw, 1920px\" \/><\/p>\n<p>Trong khi \u0111\u00f3, Man City v\u1eabn gi\u1eef \u0111\u01b0\u1ee3c v\u1ecb tr\u00ed th\u1ee9 2 tr\u00ean b\u1ea3ng x\u1ebfp h\u1ea1ng d\u00f9 thua tr\u1eadn khi h\u01a1n \u0111\u1ed9i x\u1ebfp th\u1ee9 3 l\u00e0 MU \u0111\u00fang 3 \u0111i\u1ec3m. Tuy nhi\u00ean, th\u1ea7y tr\u00f2 Pep Guardiola \u0111ang \u0111\u1ed1i m\u1eb7t v\u1edbi qu\u00e1 nhi\u1ec1u nguy c\u01a1. \u0110\u1ea7u ti\u00ean l\u00e0 vi\u1ec7c \u0111\u1ec3 Arsenal b\u1ecf xa trong cu\u1ed9c \u0111ua v\u00f4 \u0111\u1ecbch.<\/p>\n<p>&#8220;Ph\u00e1o th\u1ee7&#8221; c\u00f2n 1 tr\u1eadn ch\u01b0a \u0111\u1ea5u trong tay n\u00ean kho\u1ea3ng c\u00e1ch gi\u1eefa hai \u0111\u1ed9i c\u00f3 th\u1ec3 t\u0103ng l\u00ean th\u00e0nh 8 \u0111i\u1ec3m thay v\u00ec 5 \u0111i\u1ec3m nh\u01b0 hi\u1ec7n t\u1ea1i. Kh\u00f4ng nh\u1eefng v\u1eady, phong \u0111\u1ed9 k\u00e9m c\u1ecfi c\u1ee7a Man City c\u00f3 th\u1ec3 gi\u00fap MU n\u1eafm l\u1ea5y v\u1ecb tr\u00ed th\u1ee9 2 b\u1ea5t k\u1ef3 l\u00fac n\u00e0o.<\/p>\n","protected":false},"excerpt":{"rendered":"<p>Tuy nhi\u00ean, \u201cG\u00e0 tr\u1ed1ng\u201d \u0111\u00e3 c\u00f3 m\u1ed9t tr\u1eadn \u0111\u1ea5u tuy\u1ec7t v\u1eddi. Tottenham ch\u1ea5p nh\u1eadn \u0111\u1ec3 Man City c\u1ea7m b\u00f3ng d\u00f9 l\u00e0 \u0111\u1ed9i ch\u1ee7 nh\u00e0 c\u1ef1c k\u1ef3 ch\u1ee7 \u0111\u1ed9ng trong vi\u1ec7c tranh ch\u1ea5p b\u00f3ng. Ch\u00ednh t\u1eeb m\u1ed9t pha b\u00f3ng nh\u01b0 v\u1eady, Hojbjerg \u0111\u00e3 t\u1ea1o \u0111i\u1ec1u ki\u1ec7n \u0111\u1ec3 Harry Kane ghi b\u00e0n m\u1edf t\u1ec9 s\u1ed1 tr\u1eadn \u0111\u1ea5u. [&#8230;]\n","protected":false},"featured_media":1533,"comment_status":"open","ping_status":"closed","template":"","meta":[],"product_cat":[15],"product_tag":[],"yoast_head":"<!-- This site is optimized with the Yoast SEO plugin v20.0 - https:\/\/yoast.com\/wordpress\/plugins\/seo\/ -->\n<title>D\u00e2y chuy\u1ec1n gh\u00e9p m\u00ec \u1ed1ng gi\u00f3 vu\u00f4ng (C-cleat) - tmdplywood<\/title>\n<meta name=\"robots\" content=\"index, follow, max-snippet:-1, max-image-preview:large, max-video-preview:-1\" \/>\n<link rel=\"canonical\" href=\"https:\/\/tmdplywood.vinastar.info\/?product=day-chuyen-ghep-mi-ong-gio-vuong-c-cleat-4\" \/>\n<meta property=\"og:locale\" content=\"en_US\" \/>\n<meta property=\"og:type\" content=\"article\" \/>\n<meta property=\"og:title\" content=\"D\u00e2y chuy\u1ec1n gh\u00e9p m\u00ec \u1ed1ng gi\u00f3 vu\u00f4ng (C-cleat) - tmdplywood\" \/>\n<meta property=\"og:description\" content=\"Tuy nhi\u00ean, \u201cG\u00e0 tr\u1ed1ng\u201d \u0111\u00e3 c\u00f3 m\u1ed9t tr\u1eadn \u0111\u1ea5u tuy\u1ec7t v\u1eddi. Tottenham ch\u1ea5p nh\u1eadn \u0111\u1ec3 Man City c\u1ea7m b\u00f3ng d\u00f9 l\u00e0 \u0111\u1ed9i ch\u1ee7 nh\u00e0 c\u1ef1c k\u1ef3 ch\u1ee7 \u0111\u1ed9ng trong vi\u1ec7c tranh ch\u1ea5p b\u00f3ng. Ch\u00ednh t\u1eeb m\u1ed9t pha b\u00f3ng nh\u01b0 v\u1eady, Hojbjerg \u0111\u00e3 t\u1ea1o \u0111i\u1ec1u ki\u1ec7n \u0111\u1ec3 Harry Kane ghi b\u00e0n m\u1edf t\u1ec9 s\u1ed1 tr\u1eadn \u0111\u1ea5u. [...]\" \/>\n<meta property=\"og:url\" content=\"https:\/\/tmdplywood.vinastar.info\/?product=day-chuyen-ghep-mi-ong-gio-vuong-c-cleat-4\" \/>\n<meta property=\"og:site_name\" content=\"tmdplywood\" \/>\n<meta property=\"article:modified_time\" content=\"2023-02-07T04:30:10+00:00\" \/>\n<meta property=\"og:image\" content=\"https:\/\/tmdplywood.vinastar.info\/wp-content\/uploads\/2020\/05\/a1.jpg\" \/>\n\t<meta property=\"og:image:width\" content=\"400\" \/>\n\t<meta property=\"og:image:height\" content=\"233\" \/>\n\t<meta property=\"og:image:type\" content=\"image\/jpeg\" \/>\n<meta name=\"twitter:card\" content=\"summary_large_image\" \/>\n<meta name=\"twitter:label1\" content=\"Est. reading time\" \/>\n\t<meta name=\"twitter:data1\" content=\"2 minutes\" \/>\n<script type=\"application\/ld+json\" class=\"yoast-schema-graph\">{\"@context\":\"https:\/\/schema.org\",\"@graph\":[{\"@type\":\"WebPage\",\"@id\":\"https:\/\/tmdplywood.vinastar.info\/?product=day-chuyen-ghep-mi-ong-gio-vuong-c-cleat-4\",\"url\":\"https:\/\/tmdplywood.vinastar.info\/?product=day-chuyen-ghep-mi-ong-gio-vuong-c-cleat-4\",\"name\":\"D\u00e2y chuy\u1ec1n gh\u00e9p m\u00ec \u1ed1ng gi\u00f3 vu\u00f4ng (C-cleat) - tmdplywood\",\"isPartOf\":{\"@id\":\"https:\/\/tmdplywood.vinastar.info\/#website\"},\"datePublished\":\"2023-02-07T04:28:31+00:00\",\"dateModified\":\"2023-02-07T04:30:10+00:00\",\"breadcrumb\":{\"@id\":\"https:\/\/tmdplywood.vinastar.info\/?product=day-chuyen-ghep-mi-ong-gio-vuong-c-cleat-4#breadcrumb\"},\"inLanguage\":\"en-US\",\"potentialAction\":[{\"@type\":\"ReadAction\",\"target\":[\"https:\/\/tmdplywood.vinastar.info\/?product=day-chuyen-ghep-mi-ong-gio-vuong-c-cleat-4\"]}]},{\"@type\":\"BreadcrumbList\",\"@id\":\"https:\/\/tmdplywood.vinastar.info\/?product=day-chuyen-ghep-mi-ong-gio-vuong-c-cleat-4#breadcrumb\",\"itemListElement\":[{\"@type\":\"ListItem\",\"position\":1,\"name\":\"Trang ch\u1ee7\",\"item\":\"https:\/\/tmdplywood.vinastar.info\/\"},{\"@type\":\"ListItem\",\"position\":2,\"name\":\"Products\",\"item\":\"https:\/\/tmdplywood.vinastar.info\/?post_type=product\"},{\"@type\":\"ListItem\",\"position\":3,\"name\":\"D\u00e2y chuy\u1ec1n gh\u00e9p m\u00ec \u1ed1ng gi\u00f3 vu\u00f4ng (C-cleat)\"}]},{\"@type\":\"WebSite\",\"@id\":\"https:\/\/tmdplywood.vinastar.info\/#website\",\"url\":\"https:\/\/tmdplywood.vinastar.info\/\",\"name\":\"tmdplywood\",\"description\":\"\",\"potentialAction\":[{\"@type\":\"SearchAction\",\"target\":{\"@type\":\"EntryPoint\",\"urlTemplate\":\"https:\/\/tmdplywood.vinastar.info\/?s={search_term_string}\"},\"query-input\":\"required name=search_term_string\"}],\"inLanguage\":\"en-US\"}]}<\/script>\n<!-- \/ Yoast SEO plugin. -->","yoast_head_json":{"title":"D\u00e2y chuy\u1ec1n gh\u00e9p m\u00ec \u1ed1ng gi\u00f3 vu\u00f4ng (C-cleat) - tmdplywood","robots":{"index":"index","follow":"follow","max-snippet":"max-snippet:-1","max-image-preview":"max-image-preview:large","max-video-preview":"max-video-preview:-1"},"canonical":"https:\/\/tmdplywood.vinastar.info\/?product=day-chuyen-ghep-mi-ong-gio-vuong-c-cleat-4","og_locale":"en_US","og_type":"article","og_title":"D\u00e2y chuy\u1ec1n gh\u00e9p m\u00ec \u1ed1ng gi\u00f3 vu\u00f4ng (C-cleat) - tmdplywood","og_description":"Tuy nhi\u00ean, \u201cG\u00e0 tr\u1ed1ng\u201d \u0111\u00e3 c\u00f3 m\u1ed9t tr\u1eadn \u0111\u1ea5u tuy\u1ec7t v\u1eddi. Tottenham ch\u1ea5p nh\u1eadn \u0111\u1ec3 Man City c\u1ea7m b\u00f3ng d\u00f9 l\u00e0 \u0111\u1ed9i ch\u1ee7 nh\u00e0 c\u1ef1c k\u1ef3 ch\u1ee7 \u0111\u1ed9ng trong vi\u1ec7c tranh ch\u1ea5p b\u00f3ng. Ch\u00ednh t\u1eeb m\u1ed9t pha b\u00f3ng nh\u01b0 v\u1eady, Hojbjerg \u0111\u00e3 t\u1ea1o \u0111i\u1ec1u ki\u1ec7n \u0111\u1ec3 Harry Kane ghi b\u00e0n m\u1edf t\u1ec9 s\u1ed1 tr\u1eadn \u0111\u1ea5u. [...]","og_url":"https:\/\/tmdplywood.vinastar.info\/?product=day-chuyen-ghep-mi-ong-gio-vuong-c-cleat-4","og_site_name":"tmdplywood","article_modified_time":"2023-02-07T04:30:10+00:00","og_image":[{"width":400,"height":233,"url":"https:\/\/tmdplywood.vinastar.info\/wp-content\/uploads\/2020\/05\/a1.jpg","type":"image\/jpeg"}],"twitter_card":"summary_large_image","twitter_misc":{"Est. reading time":"2 minutes"},"schema":{"@context":"https:\/\/schema.org","@graph":[{"@type":"WebPage","@id":"https:\/\/tmdplywood.vinastar.info\/?product=day-chuyen-ghep-mi-ong-gio-vuong-c-cleat-4","url":"https:\/\/tmdplywood.vinastar.info\/?product=day-chuyen-ghep-mi-ong-gio-vuong-c-cleat-4","name":"D\u00e2y chuy\u1ec1n gh\u00e9p m\u00ec \u1ed1ng gi\u00f3 vu\u00f4ng (C-cleat) - tmdplywood","isPartOf":{"@id":"https:\/\/tmdplywood.vinastar.info\/#website"},"datePublished":"2023-02-07T04:28:31+00:00","dateModified":"2023-02-07T04:30:10+00:00","breadcrumb":{"@id":"https:\/\/tmdplywood.vinastar.info\/?product=day-chuyen-ghep-mi-ong-gio-vuong-c-cleat-4#breadcrumb"},"inLanguage":"en-US","potentialAction":[{"@type":"ReadAction","target":["https:\/\/tmdplywood.vinastar.info\/?product=day-chuyen-ghep-mi-ong-gio-vuong-c-cleat-4"]}]},{"@type":"BreadcrumbList","@id":"https:\/\/tmdplywood.vinastar.info\/?product=day-chuyen-ghep-mi-ong-gio-vuong-c-cleat-4#breadcrumb","itemListElement":[{"@type":"ListItem","position":1,"name":"Trang ch\u1ee7","item":"https:\/\/tmdplywood.vinastar.info\/"},{"@type":"ListItem","position":2,"name":"Products","item":"https:\/\/tmdplywood.vinastar.info\/?post_type=product"},{"@type":"ListItem","position":3,"name":"D\u00e2y chuy\u1ec1n gh\u00e9p m\u00ec \u1ed1ng gi\u00f3 vu\u00f4ng (C-cleat)"}]},{"@type":"WebSite","@id":"https:\/\/tmdplywood.vinastar.info\/#website","url":"https:\/\/tmdplywood.vinastar.info\/","name":"tmdplywood","description":"","potentialAction":[{"@type":"SearchAction","target":{"@type":"EntryPoint","urlTemplate":"https:\/\/tmdplywood.vinastar.info\/?s={search_term_string}"},"query-input":"required name=search_term_string"}],"inLanguage":"en-US"}]}},"_links":{"self":[{"href":"https:\/\/tmdplywood.vinastar.info\/index.php?rest_route=\/wp\/v2\/product\/1931"}],"collection":[{"href":"https:\/\/tmdplywood.vinastar.info\/index.php?rest_route=\/wp\/v2\/product"}],"about":[{"href":"https:\/\/tmdplywood.vinastar.info\/index.php?rest_route=\/wp\/v2\/types\/product"}],"replies":[{"embeddable":true,"href":"https:\/\/tmdplywood.vinastar.info\/index.php?rest_route=%2Fwp%2Fv2%2Fcomments&post=1931"}],"wp:featuredmedia":[{"embeddable":true,"href":"https:\/\/tmdplywood.vinastar.info\/index.php?rest_route=\/wp\/v2\/media\/1533"}],"wp:attachment":[{"href":"https:\/\/tmdplywood.vinastar.info\/index.php?rest_route=%2Fwp%2Fv2%2Fmedia&parent=1931"}],"wp:term":[{"taxonomy":"product_cat","embeddable":true,"href":"https:\/\/tmdplywood.vinastar.info\/index.php?rest_route=%2Fwp%2Fv2%2Fproduct_cat&post=1931"},{"taxonomy":"product_tag","embeddable":true,"href":"https:\/\/tmdplywood.vinastar.info\/index.php?rest_route=%2Fwp%2Fv2%2Fproduct_tag&post=1931"}],"curies":[{"name":"wp","href":"https:\/\/api.w.org\/{rel}","templated":true}]}}